{"id":13,"date":"2017-02-23T19:13:15","date_gmt":"2017-02-23T18:13:15","guid":{"rendered":"http:\/\/opusvocale.de\/?page_id=13"},"modified":"2022-11-26T12:46:00","modified_gmt":"2022-11-26T11:46:00","slug":"mitmachen","status":"publish","type":"page","link":"https:\/\/opusvocale.de\/?page_id=13","title":{"rendered":"Mitsingen"},"content":{"rendered":"<p><strong>Soprane und ein Tenor gesucht!<br \/>\n<\/strong><\/p>\n<p>Wenn Du viel Chorerfahrung hast, Dich musikalisch und stimmlich weiterentwickeln m\u00f6chtest, idealerweise solistische Erfahrung und eine ausgebildete Stimme mitbringst &#8211; dann bist Du bei OPUS VOCALE richtig.<\/p>\n<p>Intensive, vorbereitete Probenarbeit (\u00fcblicherweise 1 x im Monat), regelm\u00e4\u00dfige Konzerte, die M\u00f6glichkeit, auch solistisch zu agieren, eine gro\u00dfe Spannbreite an Literatur (von der Renaissance bis ins 21. Jahrhundert), die Zusammenarbeit vor allem mit kammermusikalisch besetzen Ensembles (auch aus dem Jazz) und viel Enthusiamus \u2013 das macht die OPUS-Arbeit aus. Wir sind immer auf der Suche nach dem spezifischen Chorklang einer Epoche, eines\/r Komponisten\/in, und versuchen, Pr\u00e4zision und Leidenschaft im Ausdruck in Einklang zu bringen.<\/p>\n<p>Wir freuen uns \u00fcber alle Bewerber:innen, insbesondere im Sopran und Tenor.<\/p>\n<p>Kontakt \u00fcber <a href=\"mailto:chor@opusvocale.de\">chor@opusvocale.de<\/a><\/p>\n<p>F\u00fcr ein erstes gegenseitiges Kennenlernen kann an einem Probenwochenende teilgenommen werden. Bei gegenseitigem Interesse ist dann ein Vorsingen vor der jeweiligen Stimmgruppe Voraussetzung f\u00fcr eine weitere Zusammenarbeit.<\/p>\n<p>Es ist m\u00f6glich, nur ausgew\u00e4hlte Projekte mitzusingen. Um einen gemeinsamen OPUS-Klang zu entwickeln und zu pflegen, ist aber eine m\u00f6glichst regelm\u00e4\u00dfige Projektteilnahme von Vorteil.<\/p>\n","protected":false},"excerpt":{"rendered":"<p>Soprane und ein Tenor gesucht! Wenn Du viel Chorerfahrung hast, Dich musikalisch und stimmlich weiterentwickeln m\u00f6chtest, idealerweise solistische Erfahrung und eine ausgebildete Stimme mitbringst &#8211; dann bist Du bei OPUS VOCALE richtig. Intensive, vorbereitete Probenarbeit (\u00fcblicherweise 1 x im Monat), regelm\u00e4\u00dfige Konzerte, die M\u00f6glichkeit, auch solistisch zu agieren, eine gro\u00dfe Spannbreite an Literatur (von der [&hellip;]<\/p>\n","protected":false},"author":1,"featured_media":1216,"parent":2,"menu_order":0,"comment_status":"closed","ping_status":"closed","template":"","meta":{"footnotes":""},"class_list":["post-13","page","type-page","status-publish","has-post-thumbnail","hentry"],"_links":{"self":[{"href":"https:\/\/opusvocale.de\/index.php?rest_route=\/wp\/v2\/pages\/13","targetHints":{"allow":["GET"]}}],"collection":[{"href":"https:\/\/opusvocale.de\/index.php?rest_route=\/wp\/v2\/pages"}],"about":[{"href":"https:\/\/opusvocale.de\/index.php?rest_route=\/wp\/v2\/types\/page"}],"author":[{"embeddable":true,"href":"https:\/\/opusvocale.de\/index.php?rest_route=\/wp\/v2\/users\/1"}],"replies":[{"embeddable":true,"href":"https:\/\/opusvocale.de\/index.php?rest_route=%2Fwp%2Fv2%2Fcomments&post=13"}],"version-history":[{"count":8,"href":"https:\/\/opusvocale.de\/index.php?rest_route=\/wp\/v2\/pages\/13\/revisions"}],"predecessor-version":[{"id":1215,"href":"https:\/\/opusvocale.de\/index.php?rest_route=\/wp\/v2\/pages\/13\/revisions\/1215"}],"up":[{"embeddable":true,"href":"https:\/\/opusvocale.de\/index.php?rest_route=\/wp\/v2\/pages\/2"}],"wp:featuredmedia":[{"embeddable":true,"href":"https:\/\/opusvocale.de\/index.php?rest_route=\/wp\/v2\/media\/1216"}],"wp:attachment":[{"href":"https:\/\/opusvocale.de\/index.php?rest_route=%2Fwp%2Fv2%2Fmedia&parent=13"}],"curies":[{"name":"wp","href":"https:\/\/api.w.org\/{rel}","templated":true}]}}