{"id":20,"date":"2015-12-22T00:43:16","date_gmt":"2015-12-21T23:43:16","guid":{"rendered":"http:\/\/opusvocale.de\/?page_id=20"},"modified":"2024-07-15T17:27:18","modified_gmt":"2024-07-15T15:27:18","slug":"dirigent","status":"publish","type":"page","link":"https:\/\/opusvocale.de\/?page_id=20","title":{"rendered":"Dirigent"},"content":{"rendered":"<p>Volker Hedtfeld wurde in Dortmund geboren und entdeckte fr\u00fch seine Leidenschaft f\u00fcr den Gesang. Bereits im Alter von 17 Jahren sammelte er erste Erfahrungen als Chorleiter in Jugend- und Kirchench\u00f6ren. Zun\u00e4chst studierte er in K\u00f6ln Schulmusik. Durch die Teilnahme an verschiedenen Chorleiterseminaren inspiriert, wechselte er zum Dirigierstudium. Besonders pr\u00e4gten ihn dabei die Begegnungen mit Prof. Gerd M\u00fcller-Lorenz (Musikhochschule L\u00fcbeck), Dr. Bodo Bischoff (FU Berlin) und Prof. Kurt Hofbauer (Universit\u00e4t f\u00fcr Musik und darstellende Kunst Wien). In Berlin studierte er Orchesterdirigieren bei Prof. Lutz K\u00f6hler an der Universit\u00e4t der K\u00fcnste. Sp\u00e4ter setzte er seine Ausbildung bei Prof. J\u00f6rg-Peter Weigle an der Hochschule f\u00fcr Musik Hanns Eisler Berlin mit dem Studium des Chordirigierens fort.<\/p>\n<p>1999 gr\u00fcndete Volker Hedtfeld mit Opus 99 sein erstes Vokalensemble, mit dem er in Konzerten im Ruhrgebiet und Rheinland erfolgreich war. Im Jahr 2001 \u00fcbernahm er die Leitung der Kantorei der Reformationskirche in Berlin-Tiergarten und war Mitinitiator der seitdem bestehenden \u201eLangen Nacht der Ch\u00f6re\u201c. 2002 gr\u00fcndete er den Kammerchor opus vocale, mit dem er seitdem vor allem in Berlin konzertiert. Seit 2007 ist Volker Hedtfeld Dirigent und k\u00fcnstlerischer Leiter des renommierten Karl Forster-Chores, mit dem er regelm\u00e4\u00dfig gro\u00dfe chorsymphonische Werke in der Berliner Philharmonie, im Konzerthaus Berlin und im Gro\u00dfen Sendesaal des rbb auff\u00fchrt.<\/p>\n<p>Im Jahr 2009 gr\u00fcndete er zusammen mit der Barockgeigerin Monique Steffen das Kammerorchester ensemble callinus, das auf die Auff\u00fchrungspraxis Alter Musik spezialisiert ist. Gemeinsam mit dem Fl\u00f6tisten und Komponisten Aaron Dan rief er 2019 mit dem ensemble polisono berlin ein Kammerensemble ins Leben, das ausgew\u00e4hlte Solisten Berlins vereint. Das Ensemble f\u00fchlt sich einerseits der zeitgem\u00e4\u00dfen Auff\u00fchrung historischer Musik verpflichtet, andererseits aber auch der Entdeckung und F\u00f6rderung zeitgen\u00f6ssischer Kompositionen.<\/p>\n<p>Seit 2021 hat Volker Hedtfeld die Leitung des Deutsch-Franz\u00f6sischen Chors Berlin \u00fcbernommen. Im Sommer 2022 gr\u00fcndet er die Hermann-Ober-Ensembles f\u00fcr die Neuapostolische Kirche Nord-Ost.<\/p>\n","protected":false},"excerpt":{"rendered":"<p>Volker Hedtfeld wurde in Dortmund geboren und entdeckte fr\u00fch seine Leidenschaft f\u00fcr den Gesang. Bereits im Alter von 17 Jahren sammelte er erste Erfahrungen als Chorleiter in Jugend- und Kirchench\u00f6ren. Zun\u00e4chst studierte er in K\u00f6ln Schulmusik. Durch die Teilnahme an verschiedenen Chorleiterseminaren inspiriert, wechselte er zum Dirigierstudium. Besonders pr\u00e4gten ihn dabei die Begegnungen mit Prof. [&hellip;]<\/p>\n","protected":false},"author":1,"featured_media":1291,"parent":2,"menu_order":0,"comment_status":"closed","ping_status":"closed","template":"","meta":{"footnotes":""},"class_list":["post-20","page","type-page","status-publish","has-post-thumbnail","hentry"],"_links":{"self":[{"href":"https:\/\/opusvocale.de\/index.php?rest_route=\/wp\/v2\/pages\/20","targetHints":{"allow":["GET"]}}],"collection":[{"href":"https:\/\/opusvocale.de\/index.php?rest_route=\/wp\/v2\/pages"}],"about":[{"href":"https:\/\/opusvocale.de\/index.php?rest_route=\/wp\/v2\/types\/page"}],"author":[{"embeddable":true,"href":"https:\/\/opusvocale.de\/index.php?rest_route=\/wp\/v2\/users\/1"}],"replies":[{"embeddable":true,"href":"https:\/\/opusvocale.de\/index.php?rest_route=%2Fwp%2Fv2%2Fcomments&post=20"}],"version-history":[{"count":5,"href":"https:\/\/opusvocale.de\/index.php?rest_route=\/wp\/v2\/pages\/20\/revisions"}],"predecessor-version":[{"id":1370,"href":"https:\/\/opusvocale.de\/index.php?rest_route=\/wp\/v2\/pages\/20\/revisions\/1370"}],"up":[{"embeddable":true,"href":"https:\/\/opusvocale.de\/index.php?rest_route=\/wp\/v2\/pages\/2"}],"wp:featuredmedia":[{"embeddable":true,"href":"https:\/\/opusvocale.de\/index.php?rest_route=\/wp\/v2\/media\/1291"}],"wp:attachment":[{"href":"https:\/\/opusvocale.de\/index.php?rest_route=%2Fwp%2Fv2%2Fmedia&parent=20"}],"curies":[{"name":"wp","href":"https:\/\/api.w.org\/{rel}","templated":true}]}}