{"id":44,"date":"2016-01-03T01:46:58","date_gmt":"2016-01-03T00:46:58","guid":{"rendered":"http:\/\/opusvocale.de\/?page_id=44"},"modified":"2018-10-10T21:38:56","modified_gmt":"2018-10-10T19:38:56","slug":"freundeskreis","status":"publish","type":"page","link":"https:\/\/opusvocale.de\/?page_id=44","title":{"rendered":"F\u00f6rdern"},"content":{"rendered":"<h3>OPUS VOCALE f\u00f6rdern<\/h3>\n<p>Sie w\u00fcrden uns gern unterst\u00fctzen? Dann werden Sie F\u00f6rdermitglied!<\/p>\n<p>F\u00f6rdermitglieder sind F\u00f6rderer unseres Chores. Dank Ihrer Beitr\u00e4ge, die f\u00fcr jedes Mitglied j\u00e4hrlich wenigstens 120 Euro betragen, unterst\u00fctzen Sie den Kammerchor OPUS VOCALE in Berlin bei seiner musikalischen Arbeit auf vielf\u00e4ltige Weise. Regelm\u00e4\u00dfige Proben und die Organisation und Durchf\u00fchrung von Konzerten sowie die Honorierung z. B. von Orchestermusikern und bei Bedarf Solisten erfordern die Bereitstellung von Mitteln, die in der Regel durch die Einnahmen \u00fcber Eintrittskarten nicht voll gedeckt werden.<\/p>\n<p>Durch Ihre Mitgliedschaft k\u00f6nnen Sie zum Gelingen und zur Steigerung der k\u00fcnstlerischen Qualit\u00e4t unserer Konzerte beitragen. Dar\u00fcber hinaus leisten Sie einen Beitrag zur F\u00f6rderung der lebendigen Chormusik in Berlin. Als F\u00f6rdermitglied erhalten Sie automatisch ein Jahresabo, und Sie haben Anspruch auf steuerlichen Abzug Ihrer Beitr\u00e4ge (abz\u00fcglich der Kosten f\u00fcr das Jahresabo). Au\u00dferdem informieren wir Sie als Mitglied j\u00e4hrlich in regelm\u00e4\u00dfigen Rundbriefen \u00fcber unsere Arbeit und laden Sie zu unseren Konzerten ein.<\/p>\n<hr \/>\n<p>Der Jahresbeitrag f\u00fcr den OPUS VOCALE Freundeskreis betr\u00e4gt:<\/p>\n<p style=\"text-align: left;\">\n<table id=\"tablepress-3\" class=\"tablepress tablepress-id-3\">\n<tbody class=\"row-striping\">\n<tr class=\"row-1\">\n\t<td class=\"column-1\">F\u00f6rdermitgliedschaft<br \/>\n(inkl. Jahresabo im Wert<br \/>\nvon 50 Euro)<\/td><td class=\"column-2\">120,00 \u20ac oder mehr<\/td>\n<\/tr>\n<\/tbody>\n<\/table>\n<!-- #tablepress-3 from cache -->\n<p>Wir w\u00fcrden uns sehr freuen, wenn wir Sie schon bald als F\u00f6rdermitglied des Berliner Kammerchores OPUS VOCALE begr\u00fc\u00dfen k\u00f6nnten.<\/p>\n<p>Sie k\u00f6nnen auch das <a href=\"https:\/\/opusvocale.de\/?page_id=994\">OPUS VOCALE Jahresabo<\/a> separat kaufen.<\/p>\n<hr \/>\n<p><a href=\"https:\/\/opusvocale.de\/wp-content\/uploads\/2018\/02\/Antrag_Fo\u0308rdermitgliedschaft.pdf\">Mitgliedschaftsantrag herunterladen (.pdf)<\/a><\/p>\n<p>F\u00fcr weitere Informationen wenden Sie sich bitte an:<br \/>\nKatrin aus dem Siepen, Vorsitzende von OPUS VOCALE e.V.<\/p>\n<p><a href=\"mailto:vorstand@opusvocale.de\">vorstand@opusvocale.de<\/a><\/p>\n<p>Die Kontodetails lauten:<\/p>\n<p>OPUS VOCALE e.V.<br \/>\nDE32 1007 0024 0184 8639 00<br \/>\nBIC DEUTDEDBBER<\/p>\n<p>&nbsp;<\/p>\n","protected":false},"excerpt":{"rendered":"<p>OPUS VOCALE f\u00f6rdern Sie w\u00fcrden uns gern unterst\u00fctzen? Dann werden Sie F\u00f6rdermitglied! F\u00f6rdermitglieder sind F\u00f6rderer unseres Chores. Dank Ihrer Beitr\u00e4ge, die f\u00fcr jedes Mitglied j\u00e4hrlich wenigstens 120 Euro betragen, unterst\u00fctzen Sie den Kammerchor OPUS VOCALE in Berlin bei seiner musikalischen Arbeit auf vielf\u00e4ltige Weise. Regelm\u00e4\u00dfige Proben und die Organisation und Durchf\u00fchrung von Konzerten sowie die [&hellip;]<\/p>\n","protected":false},"author":1,"featured_media":0,"parent":0,"menu_order":0,"comment_status":"closed","ping_status":"closed","template":"","meta":{"footnotes":""},"class_list":["post-44","page","type-page","status-publish","hentry"],"_links":{"self":[{"href":"https:\/\/opusvocale.de\/index.php?rest_route=\/wp\/v2\/pages\/44","targetHints":{"allow":["GET"]}}],"collection":[{"href":"https:\/\/opusvocale.de\/index.php?rest_route=\/wp\/v2\/pages"}],"about":[{"href":"https:\/\/opusvocale.de\/index.php?rest_route=\/wp\/v2\/types\/page"}],"author":[{"embeddable":true,"href":"https:\/\/opusvocale.de\/index.php?rest_route=\/wp\/v2\/users\/1"}],"replies":[{"embeddable":true,"href":"https:\/\/opusvocale.de\/index.php?rest_route=%2Fwp%2Fv2%2Fcomments&post=44"}],"version-history":[{"count":23,"href":"https:\/\/opusvocale.de\/index.php?rest_route=\/wp\/v2\/pages\/44\/revisions"}],"predecessor-version":[{"id":1053,"href":"https:\/\/opusvocale.de\/index.php?rest_route=\/wp\/v2\/pages\/44\/revisions\/1053"}],"wp:attachment":[{"href":"https:\/\/opusvocale.de\/index.php?rest_route=%2Fwp%2Fv2%2Fmedia&parent=44"}],"curies":[{"name":"wp","href":"https:\/\/api.w.org\/{rel}","templated":true}]}}